{"id":78,"date":"2021-06-23T01:11:21","date_gmt":"2021-06-23T05:11:21","guid":{"rendered":"http:\/\/ayuntamiento.guineo\/transparencia\/?page_id=78"},"modified":"2022-02-17T12:50:15","modified_gmt":"2022-02-17T16:50:15","slug":"definicion-oaim-oficina-de-acceso-a-la-informacion-municipal","status":"publish","type":"page","link":"https:\/\/ayuntamientovillahermosa.gob.do\/transparencia\/formulario-de-solicitud-de-informacion\/definicion-oaim-oficina-de-acceso-a-la-informacion-municipal\/","title":{"rendered":"Definici\u00f3n OAIM (Oficina de Acceso a la Informaci\u00f3n Municipal)"},"content":{"rendered":"<h3><strong>Definici\u00f3n OAI (Oficina de Acceso a la Informaci\u00f3n p\u00fablica)<\/strong><\/h3>\n<p>La Oficina de Acceso a la Informaci\u00f3n (OAI), es un mandato de la Ley General de Libre Acceso a la Informaci\u00f3n P\u00fablica Ley 200-04 y el Decreto No. 130-05 que crea el reglamento de dicha ley, con el objetivo de apoyar a entidades y personas tanto p\u00fablicas como privadas mediante las informaciones solicitadas.<\/p>\n<h3><strong>Visi\u00f3n<\/strong><\/h3>\n<p>El ayuntamiento de Villa Hermosa tiene como visi\u00f3n: ser una gran instituci\u00f3n para la comunidad, actuando apegado a las leyes, principios y valores que lo rigen, y con una adecuada utilizaci\u00f3n de los recursos donde la transparencia se vislumbre dentro del marco de la autonom\u00eda que caracteriza los ayuntamientos, permitiendo que los municipes vean el futuro con optimismo, convirti\u00e9ndose en vanguardia que genere cambios significativos para la modernidad, as\u00ed mantener una cultura de paz.<\/p>\n<h3><strong>Misi\u00f3n<\/strong><\/h3>\n<p>C\u00f3mo gobierno municipal el ayuntamiento de Villa Hermosa tiene como misi\u00f3n esencial, ser una instituci\u00f3n del municipio y para el municipio donde se lleve con excelencia, relaciones efectivas con todas las clases sociales de la comunidad, en las cuales tantos j\u00f3venes, mujeres, hombres y envejecientes se sientan identificados y respaldados; es por esto que elabora y ejecuta planes y proyectos que promueven el desarrollo integral y sostenible.<\/p>\n<blockquote>\n<h3><strong>Definici\u00f3n RAI<\/strong><\/h3>\n<\/blockquote>\n<p>El representante de Acceso a la Informaci\u00f3n, es el responsable de tramitar y facilitar las informaciones requeridas y de ser el canal de comunicaci\u00f3n entre la instituci\u00f3n, ciudadanos y ciudadanas.<\/p>\n<blockquote>\n<h3><strong>Proceso de Solicitud de Informaci\u00f3n:<\/strong><\/h3>\n<\/blockquote>\n<ul>\n<li>Completar el formulario de solicitud de informaci\u00f3n.<\/li>\n<li>Se procede a la revisi\u00f3n de dicho documento con la finalidad de verificar que est\u00e1 debidamente completada(o).<\/li>\n<li>Se hace entrega de acuse de recibo al solicitante.<\/li>\n<li>Seg\u00fan la complejidad de la informaci\u00f3n, se asigna una fecha de entrega. En caso de no ser la OPTIC la entidad competente para ofrecer la informaci\u00f3n requerida, dicha solicitud se refiere a la instituci\u00f3n correspondiente y se le informa al solicitante, el curso que ha tomado su solicitud y la instituci\u00f3n destinataria.<\/li>\n<li>Seguimiento de la(s) solicitud(es) hasta confirmar que se ha suministrado la informaci\u00f3n.<\/li>\n<\/ul>\n<h3><strong>Contacto Responsable de Acceso a la Informaci\u00f3n<\/strong><\/h3>\n<p>Lic. Zoila King<\/p>\n<p><b>Responsable de Acceso a la Informaci\u00f3n\u00a0(RAI)<\/b><br \/>\nTel\u00e9fono: (809) 813-4144<br \/>\nExtensi\u00f3n: 221<br \/>\nCorreo electr\u00f3nico: zoilarking12@gmail.com<\/p>\n<p>&nbsp;<\/p>\n<p>&nbsp;<\/p>\n","protected":false},"excerpt":{"rendered":"Definici\u00f3n OAI (Oficina de Acceso a la Informaci\u00f3n p\u00fablica) La Oficina de Acceso a la Informaci\u00f3n (OAI), es un mandato de la Ley General de Libre Acceso a la Informaci\u00f3n P\u00fablica Ley 200-04 y el Decreto No. 130-05 que crea el reglamento de dicha ley, con el objetivo de apoyar a entidades y personas tanto&#8230;","protected":false},"author":3,"featured_media":778,"parent":262,"menu_order":0,"comment_status":"closed","ping_status":"closed","template":"","meta":{"footnotes":""},"class_list":["post-78","page","type-page","status-publish","has-post-thumbnail","hentry"],"_links":{"self":[{"href":"https:\/\/ayuntamientovillahermosa.gob.do\/transparencia\/wp-json\/wp\/v2\/pages\/78"}],"collection":[{"href":"https:\/\/ayuntamientovillahermosa.gob.do\/transparencia\/wp-json\/wp\/v2\/pages"}],"about":[{"href":"https:\/\/ayuntamientovillahermosa.gob.do\/transparencia\/wp-json\/wp\/v2\/types\/page"}],"author":[{"embeddable":true,"href":"https:\/\/ayuntamientovillahermosa.gob.do\/transparencia\/wp-json\/wp\/v2\/users\/3"}],"replies":[{"embeddable":true,"href":"https:\/\/ayuntamientovillahermosa.gob.do\/transparencia\/wp-json\/wp\/v2\/comments?post=78"}],"version-history":[{"count":7,"href":"https:\/\/ayuntamientovillahermosa.gob.do\/transparencia\/wp-json\/wp\/v2\/pages\/78\/revisions"}],"predecessor-version":[{"id":783,"href":"https:\/\/ayuntamientovillahermosa.gob.do\/transparencia\/wp-json\/wp\/v2\/pages\/78\/revisions\/783"}],"up":[{"embeddable":true,"href":"https:\/\/ayuntamientovillahermosa.gob.do\/transparencia\/wp-json\/wp\/v2\/pages\/262"}],"wp:featuredmedia":[{"embeddable":true,"href":"https:\/\/ayuntamientovillahermosa.gob.do\/transparencia\/wp-json\/wp\/v2\/media\/778"}],"wp:attachment":[{"href":"https:\/\/ayuntamientovillahermosa.gob.do\/transparencia\/wp-json\/wp\/v2\/media?parent=78"}],"curies":[{"name":"wp","href":"https:\/\/api.w.org\/{rel}","templated":true}]}}